{"id":248,"date":"2016-08-09T21:23:09","date_gmt":"2016-08-09T20:23:09","guid":{"rendered":"http:\/\/www.guntherwasser.de\/?page_id=248"},"modified":"2021-07-20T16:26:07","modified_gmt":"2021-07-20T15:26:07","slug":"seen","status":"publish","type":"page","link":"https:\/\/www.guntherwasser.de\/?page_id=248","title":{"rendered":"Seen"},"content":{"rendered":"\n<p>Momente aus Juli 2021 &#8211; Qualle, Hecht und Wels:<\/p>\n\n\n\n<p><\/p>\n\n\n\n<figure class=\"wp-block-embed is-type-video is-provider-youtube wp-block-embed-youtube wp-embed-aspect-16-9 wp-has-aspect-ratio\"><div class=\"wp-block-embed__wrapper\">\n<iframe loading=\"lazy\" title=\"Hecht und Wels - F\u00fchlinger See 07\/21\" width=\"640\" height=\"360\" src=\"https:\/\/www.youtube.com\/embed\/cSv6em5rZzM?feature=oembed\" frameborder=\"0\" allow=\"accelerometer; autoplay; clipboard-write; encrypted-media; gyroscope; picture-in-picture; web-share\" referrerpolicy=\"strict-origin-when-cross-origin\" allowfullscreen><\/iframe>\n<\/div><\/figure>\n\n\n\n<p>Noch ein Kurzfilm &#8211; F\u00fchlinger See Oktober 2019<\/p>\n\n\n\n<p><\/p>\n\n\n\n<figure class=\"wp-block-embed is-type-video is-provider-youtube wp-block-embed-youtube wp-embed-aspect-16-9 wp-has-aspect-ratio\"><div class=\"wp-block-embed__wrapper\">\n<iframe loading=\"lazy\" title=\"Super Sichtweiten im F\u00fchlinger See\" width=\"640\" height=\"360\" src=\"https:\/\/www.youtube.com\/embed\/HOj-5W7DzDk?feature=oembed\" frameborder=\"0\" allow=\"accelerometer; autoplay; clipboard-write; encrypted-media; gyroscope; picture-in-picture; web-share\" referrerpolicy=\"strict-origin-when-cross-origin\" allowfullscreen><\/iframe>\n<\/div><\/figure>\n\n\n\n<p>&#8212;-<\/p>\n\n\n\n<p>Wels im F\u00fchlinger See August 2019<\/p>\n\n\n\n<figure class=\"wp-block-embed is-type-video is-provider-youtube wp-block-embed-youtube wp-embed-aspect-16-9 wp-has-aspect-ratio\"><div class=\"wp-block-embed__wrapper\">\n<iframe loading=\"lazy\" title=\"Wels im F\u00fchlinger See K\u00f6ln\" width=\"640\" height=\"360\" src=\"https:\/\/www.youtube.com\/embed\/DeNvHIw9Yq8?feature=oembed\" frameborder=\"0\" allow=\"accelerometer; autoplay; clipboard-write; encrypted-media; gyroscope; picture-in-picture; web-share\" referrerpolicy=\"strict-origin-when-cross-origin\" allowfullscreen><\/iframe>\n<\/div><\/figure>\n\n\n\n<p>Juli 2019 Aale und Hecht<\/p>\n\n\n\n<figure><iframe loading=\"lazy\" src=\"https:\/\/www.youtube.com\/embed\/mo9sk9rMg30\" allowfullscreen=\"\" width=\"560\" height=\"315\"><\/iframe><\/figure>\n\n\n\n<p>Pfingsten 2019 &#8211; F\u00fchlinger See mit kleinem Wels und Hecht:<\/p>\n\n\n\n<p><a href=\"https:\/\/youtu.be\/PLBPrxYchzI\">https:\/\/youtu.be\/PLBPrxYchzI<\/a><\/p>\n\n\n\n<p><\/p>\n\n\n\n<figure class=\"wp-block-embed is-type-video is-provider-youtube wp-block-embed-youtube wp-embed-aspect-4-3 wp-has-aspect-ratio\"><div class=\"wp-block-embed__wrapper\">\n<iframe loading=\"lazy\" title=\"Tauchgang F\u00fchlinger See mit kleinem Wels\" width=\"640\" height=\"480\" src=\"https:\/\/www.youtube.com\/embed\/PLBPrxYchzI?feature=oembed\" frameborder=\"0\" allow=\"accelerometer; autoplay; clipboard-write; encrypted-media; gyroscope; picture-in-picture; web-share\" referrerpolicy=\"strict-origin-when-cross-origin\" allowfullscreen><\/iframe>\n<\/div><\/figure>\n\n\n<p>Noch ein F\u00fchli-Tauchgang (P2) &#8211; schlechte Sicht, kaum Fische..<\/p>\n<p><iframe loading=\"lazy\" src=\"https:\/\/www.youtube.com\/embed\/9_iWVEPldwo\" allow=\"accelerometer; autoplay; encrypted-media; gyroscope; picture-in-picture\" allowfullscreen=\"allowfullscreen\" width=\"560\" height=\"315\" frameborder=\"0\"><\/iframe><\/p>\n<p><a href=\"https:\/\/www.guntherwasser.de\/?page_id=248\">Link zu Youtube<\/a><\/p>\n<hr>\n<p>Tauchgang im F\u00fchlinger See K\u00f6ln &#8211; Juli 2018 &#8211; mit Apeman Kamera:<br>\n<iframe loading=\"lazy\" src=\"https:\/\/www.youtube.com\/embed\/htKkh206qcM\" allowfullscreen=\"allowfullscreen\" width=\"480\" height=\"270\" frameborder=\"0\"><\/iframe><\/p>\n<p>.. leider mit schlechter Sicht.<\/p>\n<hr>\n<p>Tauchgang im F\u00fchlinger See K\u00f6ln:<br>\n<iframe loading=\"lazy\" src=\"https:\/\/www.youtube.com\/embed\/rrziaICHtZY\" allowfullscreen=\"allowfullscreen\" width=\"420\" height=\"315\" frameborder=\"0\"><\/iframe><\/p>\n<hr>\n<p><strong>Bilder von 2018 <\/strong>von und bei meinem Buddy:<br>\n(Achtung: facebook)<br>\n<a href=\"https:\/\/www.facebook.com\/media\/set\/?set=ms.c.eJxVkMsNxEAMQjtajX8Y~_m8smsuGXJ8wYOJkDEJdmhaXv~%3BiTSWg3jBxCgJMVxZJrkMLMS1LVQtaHHCHzJX2qr5Nr5l59~_vTtAyOhFugaJcRP57pfpJOMFlR~_BYh0DS45nsU4Yqf3idbC03E3PO6cCUHuU0Vtti~_2LYz7sCi2rwpCDG~%3BYmdqeB~%3Bh9Wvk~-.bps.a.10215619428989614.1073741902.1557775892&amp;type=1\"> &#8220;F\u00fchli Forever 2018&#8221; <\/a> &#8211; mit Welsen und Karpfen..<\/p>\n\n","protected":false},"excerpt":{"rendered":"<p>Momente aus Juli 2021 &#8211; Qualle, Hecht und Wels: Noch ein Kurzfilm &#8211; F\u00fchlinger See Oktober 2019 &#8212;- Wels im F\u00fchlinger See August 2019 Juli 2019 Aale und Hecht Pfingsten 2019 &#8211; F\u00fchlinger See mit kleinem Wels und Hecht: https:\/\/youtu.be\/PLBPrxYchzI Noch ein F\u00fchli-Tauchgang (P2) &#8211; schlechte Sicht, kaum Fische.. Link zu Youtube Tauchgang im F\u00fchlinger [&hellip;]<\/p>\n","protected":false},"author":1,"featured_media":0,"parent":0,"menu_order":0,"comment_status":"closed","ping_status":"closed","template":"","meta":{"footnotes":""},"class_list":["post-248","page","type-page","status-publish","hentry"],"_links":{"self":[{"href":"https:\/\/www.guntherwasser.de\/index.php?rest_route=\/wp\/v2\/pages\/248","targetHints":{"allow":["GET"]}}],"collection":[{"href":"https:\/\/www.guntherwasser.de\/index.php?rest_route=\/wp\/v2\/pages"}],"about":[{"href":"https:\/\/www.guntherwasser.de\/index.php?rest_route=\/wp\/v2\/types\/page"}],"author":[{"embeddable":true,"href":"https:\/\/www.guntherwasser.de\/index.php?rest_route=\/wp\/v2\/users\/1"}],"replies":[{"embeddable":true,"href":"https:\/\/www.guntherwasser.de\/index.php?rest_route=%2Fwp%2Fv2%2Fcomments&post=248"}],"version-history":[{"count":26,"href":"https:\/\/www.guntherwasser.de\/index.php?rest_route=\/wp\/v2\/pages\/248\/revisions"}],"predecessor-version":[{"id":381,"href":"https:\/\/www.guntherwasser.de\/index.php?rest_route=\/wp\/v2\/pages\/248\/revisions\/381"}],"wp:attachment":[{"href":"https:\/\/www.guntherwasser.de\/index.php?rest_route=%2Fwp%2Fv2%2Fmedia&parent=248"}],"curies":[{"name":"wp","href":"https:\/\/api.w.org\/{rel}","templated":true}]}}